{"id":71,"date":"2022-03-09T18:08:29","date_gmt":"2022-03-09T18:08:29","guid":{"rendered":"https:\/\/pharmacie-capdet-sense.com\/?page_id=71"},"modified":"2025-08-11T08:55:42","modified_gmt":"2025-08-11T08:55:42","slug":"nos-services","status":"publish","type":"page","link":"https:\/\/pharmacie-capdet-sense.com\/","title":{"rendered":"Nos services"},"content":{"rendered":"\n<div class=\"wp-block-cover is-light\" style=\"min-height:200px;aspect-ratio:unset;\"><img loading=\"lazy\" decoding=\"async\" width=\"2048\" height=\"1366\" class=\"wp-block-cover__image-background wp-image-75\" alt=\"\" src=\"https:\/\/pharmacie-capdet-sense.com\/wp-content\/uploads\/2022\/03\/Vaccination-1.jpg\" style=\"object-position:52% 36%\" data-object-fit=\"cover\" data-object-position=\"52% 36%\" srcset=\"https:\/\/pharmacie-capdet-sense.com\/wp-content\/uploads\/2022\/03\/Vaccination-1.jpg 2048w, https:\/\/pharmacie-capdet-sense.com\/wp-content\/uploads\/2022\/03\/Vaccination-1-300x200.jpg 300w, https:\/\/pharmacie-capdet-sense.com\/wp-content\/uploads\/2022\/03\/Vaccination-1-1024x683.jpg 1024w, https:\/\/pharmacie-capdet-sense.com\/wp-content\/uploads\/2022\/03\/Vaccination-1-768x512.jpg 768w, https:\/\/pharmacie-capdet-sense.com\/wp-content\/uploads\/2022\/03\/Vaccination-1-1536x1025.jpg 1536w\" sizes=\"auto, (max-width: 709px) 85vw, (max-width: 909px) 67vw, (max-width: 1362px) 62vw, 840px\" \/><span aria-hidden=\"true\" class=\"wp-block-cover__background has-background-dim\"><\/span><div class=\"wp-block-cover__inner-container is-layout-flow wp-block-cover-is-layout-flow\">\n<p class=\"has-text-align-center has-white-color has-text-color has-large-font-size\" style=\"font-style:normal;font-weight:700\">Vaccination <\/p>\n\n\n\n<p class=\"has-text-align-center has-white-color has-text-color\">Grippe et Covid<\/p>\n<\/div><\/div>\n\n\n\n<hr class=\"wp-block-separator has-css-opacity is-style-wide\"\/>\n\n\n\n<div class=\"wp-block-cover is-light\" style=\"min-height:200px;aspect-ratio:unset;\"><img loading=\"lazy\" decoding=\"async\" width=\"1160\" height=\"540\" class=\"wp-block-cover__image-background wp-image-18\" alt=\"\" src=\"https:\/\/pharmacie-capdet-sense.com\/wp-content\/uploads\/2022\/03\/TLC-23.png\" style=\"object-position:52% 36%\" data-object-fit=\"cover\" data-object-position=\"52% 36%\" srcset=\"https:\/\/pharmacie-capdet-sense.com\/wp-content\/uploads\/2022\/03\/TLC-23.png 1160w, https:\/\/pharmacie-capdet-sense.com\/wp-content\/uploads\/2022\/03\/TLC-23-300x140.png 300w, https:\/\/pharmacie-capdet-sense.com\/wp-content\/uploads\/2022\/03\/TLC-23-1024x477.png 1024w, https:\/\/pharmacie-capdet-sense.com\/wp-content\/uploads\/2022\/03\/TLC-23-768x358.png 768w\" sizes=\"auto, (max-width: 709px) 85vw, (max-width: 909px) 67vw, (max-width: 1362px) 62vw, 840px\" \/><span aria-hidden=\"true\" class=\"wp-block-cover__background has-background-dim\"><\/span><div class=\"wp-block-cover__inner-container is-layout-flow wp-block-cover-is-layout-flow\">\n<p class=\"has-text-align-center has-white-color has-text-color has-large-font-size\" style=\"font-style:normal;font-weight:700\">T\u00e9l\u00e9-Consultation<\/p>\n\n\n\n<p class=\"has-text-align-center has-white-color has-text-color\">Acc\u00e9dez \u00e0 un <strong>g\u00e9n\u00e9raliste <\/strong><\/p>\n\n\n\n<p class=\"has-text-align-center has-white-color has-text-color\">Avec ou sans <strong>rendez-vous<\/strong><\/p>\n<\/div><\/div>\n\n\n\n<hr class=\"wp-block-separator has-css-opacity is-style-wide\"\/>\n\n\n\n<div class=\"wp-block-cover is-light\" style=\"min-height:200px;aspect-ratio:unset;\"><img loading=\"lazy\" decoding=\"async\" width=\"1366\" height=\"2048\" class=\"wp-block-cover__image-background wp-image-74\" alt=\"\" src=\"https:\/\/pharmacie-capdet-sense.com\/wp-content\/uploads\/2022\/03\/Covid-test.jpg\" style=\"object-position:46% 54%\" data-object-fit=\"cover\" data-object-position=\"46% 54%\" srcset=\"https:\/\/pharmacie-capdet-sense.com\/wp-content\/uploads\/2022\/03\/Covid-test.jpg 1366w, https:\/\/pharmacie-capdet-sense.com\/wp-content\/uploads\/2022\/03\/Covid-test-200x300.jpg 200w, https:\/\/pharmacie-capdet-sense.com\/wp-content\/uploads\/2022\/03\/Covid-test-683x1024.jpg 683w, https:\/\/pharmacie-capdet-sense.com\/wp-content\/uploads\/2022\/03\/Covid-test-768x1151.jpg 768w, https:\/\/pharmacie-capdet-sense.com\/wp-content\/uploads\/2022\/03\/Covid-test-1025x1536.jpg 1025w\" sizes=\"auto, (max-width: 709px) 85vw, (max-width: 909px) 67vw, (max-width: 1362px) 62vw, 840px\" \/><span aria-hidden=\"true\" class=\"wp-block-cover__background has-background-dim\"><\/span><div class=\"wp-block-cover__inner-container is-layout-flow wp-block-cover-is-layout-flow\">\n<p class=\"has-text-align-center has-white-color has-text-color has-large-font-size\" style=\"font-style:normal;font-weight:700\">Test Angine <\/p>\n\n\n\n<p class=\"has-text-align-center has-white-color has-text-color has-large-font-size\" style=\"font-style:normal;font-weight:700\">Test Covid et Grippe<\/p>\n\n\n\n<p class=\"has-text-align-center has-white-color has-text-color\"><strong>Venez vous faire tester sans rendez-vous<\/strong><\/p>\n<\/div><\/div>\n\n\n\n<hr class=\"wp-block-separator has-css-opacity is-style-wide\"\/>\n\n\n\n<div class=\"wp-block-cover\" style=\"min-height:200px;aspect-ratio:unset;\"><img loading=\"lazy\" decoding=\"async\" width=\"2048\" height=\"1366\" class=\"wp-block-cover__image-background wp-image-17\" alt=\"\" src=\"https:\/\/pharmacie-capdet-sense.com\/wp-content\/uploads\/2022\/03\/Tension.jpg\" style=\"object-position:47% 74%\" data-object-fit=\"cover\" data-object-position=\"47% 74%\" srcset=\"https:\/\/pharmacie-capdet-sense.com\/wp-content\/uploads\/2022\/03\/Tension.jpg 2048w, https:\/\/pharmacie-capdet-sense.com\/wp-content\/uploads\/2022\/03\/Tension-300x200.jpg 300w, https:\/\/pharmacie-capdet-sense.com\/wp-content\/uploads\/2022\/03\/Tension-1024x683.jpg 1024w, https:\/\/pharmacie-capdet-sense.com\/wp-content\/uploads\/2022\/03\/Tension-768x512.jpg 768w, https:\/\/pharmacie-capdet-sense.com\/wp-content\/uploads\/2022\/03\/Tension-1536x1025.jpg 1536w\" sizes=\"auto, (max-width: 709px) 85vw, (max-width: 909px) 67vw, (max-width: 1362px) 62vw, 840px\" \/><span aria-hidden=\"true\" class=\"wp-block-cover__background has-background-dim\"><\/span><div class=\"wp-block-cover__inner-container is-layout-flow wp-block-cover-is-layout-flow\">\n<p class=\"has-text-align-center has-white-color has-text-color has-large-font-size\" style=\"font-style:normal;font-weight:700\">Prise de tension<\/p>\n\n\n\n<p class=\"has-text-align-center has-white-color has-text-color\">Venez surveiller votre tension <strong>sans rendez-vous<\/strong><\/p>\n<\/div><\/div>\n\n\n\n<hr class=\"wp-block-separator has-css-opacity is-style-wide\"\/>\n\n\n\n<div class=\"wp-block-cover is-light\" style=\"min-height:200px;aspect-ratio:unset;\"><img loading=\"lazy\" decoding=\"async\" width=\"1366\" height=\"2048\" class=\"wp-block-cover__image-background wp-image-76\" alt=\"\" src=\"https:\/\/pharmacie-capdet-sense.com\/wp-content\/uploads\/2022\/03\/Glycemie.jpg\" style=\"object-position:48% 69%\" data-object-fit=\"cover\" data-object-position=\"48% 69%\" srcset=\"https:\/\/pharmacie-capdet-sense.com\/wp-content\/uploads\/2022\/03\/Glycemie.jpg 1366w, https:\/\/pharmacie-capdet-sense.com\/wp-content\/uploads\/2022\/03\/Glycemie-200x300.jpg 200w, https:\/\/pharmacie-capdet-sense.com\/wp-content\/uploads\/2022\/03\/Glycemie-683x1024.jpg 683w, https:\/\/pharmacie-capdet-sense.com\/wp-content\/uploads\/2022\/03\/Glycemie-768x1151.jpg 768w, https:\/\/pharmacie-capdet-sense.com\/wp-content\/uploads\/2022\/03\/Glycemie-1025x1536.jpg 1025w\" sizes=\"auto, (max-width: 709px) 85vw, (max-width: 909px) 67vw, (max-width: 1362px) 62vw, 840px\" \/><span aria-hidden=\"true\" class=\"wp-block-cover__background has-background-dim\"><\/span><div class=\"wp-block-cover__inner-container is-layout-flow wp-block-cover-is-layout-flow\">\n<p class=\"has-text-align-center has-white-color has-text-color has-large-font-size\" style=\"font-style:normal;font-weight:700\">Contr\u00f4le de votre glyc\u00e9mie <\/p>\n\n\n\n<p class=\"has-text-align-center has-white-color has-text-color\">Venez vous faire<strong> tester sans rendez-vous<\/strong><\/p>\n<\/div><\/div>\n\n\n\n<hr class=\"wp-block-separator has-css-opacity is-style-wide\"\/>\n\n\n\n<div class=\"wp-block-cover\" style=\"min-height:200px;aspect-ratio:unset;\"><img loading=\"lazy\" decoding=\"async\" width=\"2048\" height=\"1366\" class=\"wp-block-cover__image-background wp-image-109\" alt=\"\" src=\"https:\/\/pharmacie-capdet-sense.com\/wp-content\/uploads\/2022\/03\/Livraison.jpg\" style=\"object-position:52% 55%\" data-object-fit=\"cover\" data-object-position=\"52% 55%\" srcset=\"https:\/\/pharmacie-capdet-sense.com\/wp-content\/uploads\/2022\/03\/Livraison.jpg 2048w, https:\/\/pharmacie-capdet-sense.com\/wp-content\/uploads\/2022\/03\/Livraison-300x200.jpg 300w, https:\/\/pharmacie-capdet-sense.com\/wp-content\/uploads\/2022\/03\/Livraison-1024x683.jpg 1024w, https:\/\/pharmacie-capdet-sense.com\/wp-content\/uploads\/2022\/03\/Livraison-768x512.jpg 768w, https:\/\/pharmacie-capdet-sense.com\/wp-content\/uploads\/2022\/03\/Livraison-1536x1025.jpg 1536w\" sizes=\"auto, (max-width: 709px) 85vw, (max-width: 909px) 67vw, (max-width: 1362px) 62vw, 840px\" \/><span aria-hidden=\"true\" class=\"wp-block-cover__background has-background-dim\"><\/span><div class=\"wp-block-cover__inner-container is-layout-flow wp-block-cover-is-layout-flow\">\n<p class=\"has-text-align-center has-large-font-size\"><strong>Livraison \u00e0 domicile<\/strong><\/p>\n\n\n\n<p class=\"has-text-align-center\">Simplifier votre quotidien en demandant une livraison<\/p>\n<\/div><\/div>\n\n\n\n<hr class=\"wp-block-separator has-css-opacity is-style-wide\"\/>\n\n\n\n<div class=\"wp-block-buttons is-horizontal is-content-justification-center is-layout-flex wp-container-core-buttons-is-layout-769315fb wp-block-buttons-is-layout-flex\">\n<div class=\"wp-block-button is-style-fill\"><a class=\"wp-block-button__link has-background wp-element-button\" href=\"\" style=\"border-radius:100px;background:linear-gradient(135deg,rgb(149,181,80) 15%,rgba(33,65,97,0.64) 100%)\">Contactez-nous pour en savoir plus<\/a><\/div>\n\n\n\n<div class=\"wp-block-button is-style-fill\"><a class=\"wp-block-button__link has-background wp-element-button\" style=\"border-radius:100px;background:linear-gradient(135deg,rgb(149,181,80) 15%,rgba(33,65,97,0.64) 100%)\">T\u00e9l. 04 68 22 50 95<\/a><\/div>\n<\/div>\n\n\n\n<hr class=\"wp-block-separator has-text-color has-alpha-channel-opacity has-background is-style-dots\" style=\"background-color:#ffffff00;color:#ffffff00\"\/>\n\n\n\n<div class=\"wp-block-buttons is-content-justification-center is-layout-flex wp-container-core-buttons-is-layout-16018d1d wp-block-buttons-is-layout-flex\">\n<div class=\"wp-block-button is-style-fill\"><a class=\"wp-block-button__link has-background wp-element-button\" href=\"mailto:mapharmaciesaleilles@gmail.com\" style=\"background-color:#95b550\">E-mail: <em>mapharmaciesaleilles@gmail.com<\/em><\/a><\/div>\n<\/div>\n","protected":false},"excerpt":{"rendered":"","protected":false},"author":1,"featured_media":0,"parent":0,"menu_order":0,"comment_status":"closed","ping_status":"closed","template":"","meta":{"om_disable_all_campaigns":false,"inline_featured_image":false,"_monsterinsights_skip_tracking":false,"_monsterinsights_sitenote_active":false,"_monsterinsights_sitenote_note":"","_monsterinsights_sitenote_category":0,"_themeisle_gutenberg_block_has_review":false,"footnotes":""},"class_list":["post-71","page","type-page","status-publish","hentry"],"_links":{"self":[{"href":"https:\/\/pharmacie-capdet-sense.com\/index.php\/wp-json\/wp\/v2\/pages\/71","targetHints":{"allow":["GET"]}}],"collection":[{"href":"https:\/\/pharmacie-capdet-sense.com\/index.php\/wp-json\/wp\/v2\/pages"}],"about":[{"href":"https:\/\/pharmacie-capdet-sense.com\/index.php\/wp-json\/wp\/v2\/types\/page"}],"author":[{"embeddable":true,"href":"https:\/\/pharmacie-capdet-sense.com\/index.php\/wp-json\/wp\/v2\/users\/1"}],"replies":[{"embeddable":true,"href":"https:\/\/pharmacie-capdet-sense.com\/index.php\/wp-json\/wp\/v2\/comments?post=71"}],"version-history":[{"count":23,"href":"https:\/\/pharmacie-capdet-sense.com\/index.php\/wp-json\/wp\/v2\/pages\/71\/revisions"}],"predecessor-version":[{"id":315,"href":"https:\/\/pharmacie-capdet-sense.com\/index.php\/wp-json\/wp\/v2\/pages\/71\/revisions\/315"}],"wp:attachment":[{"href":"https:\/\/pharmacie-capdet-sense.com\/index.php\/wp-json\/wp\/v2\/media?parent=71"}],"curies":[{"name":"wp","href":"https:\/\/api.w.org\/{rel}","templated":true}]}}