{"id":69,"date":"2022-03-09T17:50:30","date_gmt":"2022-03-09T17:50:30","guid":{"rendered":"https:\/\/pharmacie-capdet-sense.com\/?page_id=69"},"modified":"2026-04-22T07:51:30","modified_gmt":"2026-04-22T07:51:30","slug":"pharmacie-de-garde","status":"publish","type":"page","link":"https:\/\/pharmacie-capdet-sense.com\/index.php\/pharmacie-de-garde\/","title":{"rendered":"Pharmacie de garde"},"content":{"rendered":"\n<p class=\"has-medium-font-size\">Pour trouver la pharmacie de garde la plus proche il faut consult\u00e9 le site <a title=\"\" href=\"https:\/\/www.3237.fr\" target=\"_blank\" rel=\"noopener\">R\u00e9sogarde<\/a> sur Internet (c&rsquo;est gratuit), indiquez le code postal du lieu et vous afficherez les pharmacies de garde du secteur.<\/p>\n\n\n\n<p class=\"has-text-align-center\"><a href=\"https:\/\/www.3237.fr\">https:\/\/www.3237.fr<\/a><\/p>\n\n\n\n<p class=\"has-medium-font-size\">Ou bien appeler par t\u00e9l\u00e9phone le num\u00e9ro  : 32 37  (0,35 cts\/mn)<\/p>\n\n\n\n<figure class=\"wp-block-image size-large\"><img decoding=\"async\" src=\"https:\/\/www.3237.fr\/public\/images\/encart1_mob3237.png\" alt=\"\"\/><\/figure>\n","protected":false},"excerpt":{"rendered":"<p>Pour trouver la pharmacie de garde la plus proche il faut consult\u00e9 le site R\u00e9sogarde sur Internet (c&rsquo;est gratuit), indiquez le code postal du lieu et vous afficherez les pharmacies de garde du secteur. https:\/\/www.3237.fr Ou bien appeler par t\u00e9l\u00e9phone le num\u00e9ro : 32 37 (0,35 cts\/mn)<\/p>\n","protected":false},"author":1,"featured_media":0,"parent":0,"menu_order":0,"comment_status":"closed","ping_status":"closed","template":"","meta":{"om_disable_all_campaigns":false,"inline_featured_image":false,"_monsterinsights_skip_tracking":false,"_monsterinsights_sitenote_active":false,"_monsterinsights_sitenote_note":"","_monsterinsights_sitenote_category":0,"_themeisle_gutenberg_block_has_review":false,"footnotes":""},"class_list":["post-69","page","type-page","status-publish","hentry"],"_links":{"self":[{"href":"https:\/\/pharmacie-capdet-sense.com\/index.php\/wp-json\/wp\/v2\/pages\/69","targetHints":{"allow":["GET"]}}],"collection":[{"href":"https:\/\/pharmacie-capdet-sense.com\/index.php\/wp-json\/wp\/v2\/pages"}],"about":[{"href":"https:\/\/pharmacie-capdet-sense.com\/index.php\/wp-json\/wp\/v2\/types\/page"}],"author":[{"embeddable":true,"href":"https:\/\/pharmacie-capdet-sense.com\/index.php\/wp-json\/wp\/v2\/users\/1"}],"replies":[{"embeddable":true,"href":"https:\/\/pharmacie-capdet-sense.com\/index.php\/wp-json\/wp\/v2\/comments?post=69"}],"version-history":[{"count":6,"href":"https:\/\/pharmacie-capdet-sense.com\/index.php\/wp-json\/wp\/v2\/pages\/69\/revisions"}],"predecessor-version":[{"id":322,"href":"https:\/\/pharmacie-capdet-sense.com\/index.php\/wp-json\/wp\/v2\/pages\/69\/revisions\/322"}],"wp:attachment":[{"href":"https:\/\/pharmacie-capdet-sense.com\/index.php\/wp-json\/wp\/v2\/media?parent=69"}],"curies":[{"name":"wp","href":"https:\/\/api.w.org\/{rel}","templated":true}]}}